{"id":1005,"date":"2021-03-23T11:12:59","date_gmt":"2021-03-23T09:12:59","guid":{"rendered":"http:\/\/diegoalessiacompatible.ch\/?post_type=product&#038;p=1005"},"modified":"2021-03-29T17:37:56","modified_gmt":"2021-03-29T15:37:56","slug":"bonbons-m-budget","status":"publish","type":"product","link":"https:\/\/diegoalessiacompatible.ch\/?product=bonbons-m-budget","title":{"rendered":"Bonbons m-budget"},"content":{"rendered":"<p>Bonbons \u00e0 m\u00e2cher aux ar\u00f4mes de framboise, orange et citron<\/p>\n<p>Attention Alessia ne doit pas manger les bonbons \u00e0 l&rsquo;orange<\/p>\n","protected":false},"excerpt":{"rendered":"<p>Bonbons \u00e0 m\u00e2cher aux ar\u00f4mes de framboise, orange et citron Attention Alessia ne doit pas manger les bonbons \u00e0 l&rsquo;orange<\/p>\n","protected":false},"featured_media":1006,"template":"","meta":[],"product_brand":[],"product_cat":[6],"product_tag":[35],"class_list":{"0":"post-1005","1":"product","2":"type-product","3":"status-publish","4":"has-post-thumbnail","6":"product_cat-migros","7":"product_tag-bonbons","9":"first","10":"instock","11":"shipping-taxable","12":"purchasable","13":"product-type-simple"},"_links":{"self":[{"href":"https:\/\/diegoalessiacompatible.ch\/index.php?rest_route=\/wp\/v2\/product\/1005","targetHints":{"allow":["GET"]}}],"collection":[{"href":"https:\/\/diegoalessiacompatible.ch\/index.php?rest_route=\/wp\/v2\/product"}],"about":[{"href":"https:\/\/diegoalessiacompatible.ch\/index.php?rest_route=\/wp\/v2\/types\/product"}],"wp:featuredmedia":[{"embeddable":true,"href":"https:\/\/diegoalessiacompatible.ch\/index.php?rest_route=\/wp\/v2\/media\/1006"}],"wp:attachment":[{"href":"https:\/\/diegoalessiacompatible.ch\/index.php?rest_route=%2Fwp%2Fv2%2Fmedia&parent=1005"}],"wp:term":[{"taxonomy":"product_brand","embeddable":true,"href":"https:\/\/diegoalessiacompatible.ch\/index.php?rest_route=%2Fwp%2Fv2%2Fproduct_brand&post=1005"},{"taxonomy":"product_cat","embeddable":true,"href":"https:\/\/diegoalessiacompatible.ch\/index.php?rest_route=%2Fwp%2Fv2%2Fproduct_cat&post=1005"},{"taxonomy":"product_tag","embeddable":true,"href":"https:\/\/diegoalessiacompatible.ch\/index.php?rest_route=%2Fwp%2Fv2%2Fproduct_tag&post=1005"}],"curies":[{"name":"wp","href":"https:\/\/api.w.org\/{rel}","templated":true}]}}