{"id":1042,"date":"2021-03-28T13:09:21","date_gmt":"2021-03-28T11:09:21","guid":{"rendered":"http:\/\/diegoalessiacompatible.ch\/?post_type=product&#038;p=1042"},"modified":"2021-03-28T15:22:55","modified_gmt":"2021-03-28T13:22:55","slug":"coco-ice-land-coco-et-caramelized-almonds","status":"publish","type":"product","link":"https:\/\/diegoalessiacompatible.ch\/?product=coco-ice-land-coco-et-caramelized-almonds","title":{"rendered":"Coco Ice-land coco et caramelized almonds vegan"},"content":{"rendered":"<p>Cones glac\u00e9s coco et amandes caram\u00e9lis\u00e9es<\/p>\n","protected":false},"excerpt":{"rendered":"<p>Cones glac\u00e9s coco et amandes caram\u00e9lis\u00e9es<\/p>\n","protected":false},"featured_media":1043,"template":"","meta":[],"product_brand":[],"product_cat":[6],"product_tag":[65],"class_list":{"0":"post-1042","1":"product","2":"type-product","3":"status-publish","4":"has-post-thumbnail","6":"product_cat-migros","7":"product_tag-glaces","9":"first","10":"instock","11":"shipping-taxable","12":"purchasable","13":"product-type-simple"},"_links":{"self":[{"href":"https:\/\/diegoalessiacompatible.ch\/index.php?rest_route=\/wp\/v2\/product\/1042","targetHints":{"allow":["GET"]}}],"collection":[{"href":"https:\/\/diegoalessiacompatible.ch\/index.php?rest_route=\/wp\/v2\/product"}],"about":[{"href":"https:\/\/diegoalessiacompatible.ch\/index.php?rest_route=\/wp\/v2\/types\/product"}],"wp:featuredmedia":[{"embeddable":true,"href":"https:\/\/diegoalessiacompatible.ch\/index.php?rest_route=\/wp\/v2\/media\/1043"}],"wp:attachment":[{"href":"https:\/\/diegoalessiacompatible.ch\/index.php?rest_route=%2Fwp%2Fv2%2Fmedia&parent=1042"}],"wp:term":[{"taxonomy":"product_brand","embeddable":true,"href":"https:\/\/diegoalessiacompatible.ch\/index.php?rest_route=%2Fwp%2Fv2%2Fproduct_brand&post=1042"},{"taxonomy":"product_cat","embeddable":true,"href":"https:\/\/diegoalessiacompatible.ch\/index.php?rest_route=%2Fwp%2Fv2%2Fproduct_cat&post=1042"},{"taxonomy":"product_tag","embeddable":true,"href":"https:\/\/diegoalessiacompatible.ch\/index.php?rest_route=%2Fwp%2Fv2%2Fproduct_tag&post=1042"}],"curies":[{"name":"wp","href":"https:\/\/api.w.org\/{rel}","templated":true}]}}