{"id":108,"date":"2017-05-18T18:17:26","date_gmt":"2017-05-18T16:17:26","guid":{"rendered":"http:\/\/diegoalessiacompatible.ch\/?post_type=product&#038;p=108"},"modified":"2018-05-29T22:59:30","modified_gmt":"2018-05-29T20:59:30","slug":"creme-depeautre-cuisine-spelt-epeautre-lima","status":"publish","type":"product","link":"https:\/\/diegoalessiacompatible.ch\/?product=creme-depeautre-cuisine-spelt-epeautre-lima","title":{"rendered":"Cr\u00e8me d\u2019\u00e9peautre cuisine spelt Epeautre &#8211; Lima"},"content":{"rendered":"<p>200 ml<\/p>\n<p>ATTENTION \u00e0 la composition. Il faut v\u00e9rifier sur la composition, que la cr\u00e8me ne contienne pas de gomme de caroube ou de gomme de guar. Car LIMA est en train de changer la composition de la cr\u00e8me.<\/p>\n","protected":false},"excerpt":{"rendered":"<p>200 ml ATTENTION \u00e0 la composition. Il faut v\u00e9rifier sur la composition, que la cr\u00e8me ne contienne pas de gomme de caroube ou de gomme de guar. Car LIMA est en train de changer la composition de la cr\u00e8me.<\/p>\n","protected":false},"featured_media":109,"template":"","meta":[],"product_brand":[],"product_cat":[10,9],"product_tag":[21],"class_list":{"0":"post-108","1":"product","2":"type-product","3":"status-publish","4":"has-post-thumbnail","6":"product_cat-green-shop","7":"product_cat-magbio","8":"product_tag-produits-laitiers","10":"first","11":"instock","12":"shipping-taxable","13":"purchasable","14":"product-type-simple"},"_links":{"self":[{"href":"https:\/\/diegoalessiacompatible.ch\/index.php?rest_route=\/wp\/v2\/product\/108","targetHints":{"allow":["GET"]}}],"collection":[{"href":"https:\/\/diegoalessiacompatible.ch\/index.php?rest_route=\/wp\/v2\/product"}],"about":[{"href":"https:\/\/diegoalessiacompatible.ch\/index.php?rest_route=\/wp\/v2\/types\/product"}],"wp:featuredmedia":[{"embeddable":true,"href":"https:\/\/diegoalessiacompatible.ch\/index.php?rest_route=\/wp\/v2\/media\/109"}],"wp:attachment":[{"href":"https:\/\/diegoalessiacompatible.ch\/index.php?rest_route=%2Fwp%2Fv2%2Fmedia&parent=108"}],"wp:term":[{"taxonomy":"product_brand","embeddable":true,"href":"https:\/\/diegoalessiacompatible.ch\/index.php?rest_route=%2Fwp%2Fv2%2Fproduct_brand&post=108"},{"taxonomy":"product_cat","embeddable":true,"href":"https:\/\/diegoalessiacompatible.ch\/index.php?rest_route=%2Fwp%2Fv2%2Fproduct_cat&post=108"},{"taxonomy":"product_tag","embeddable":true,"href":"https:\/\/diegoalessiacompatible.ch\/index.php?rest_route=%2Fwp%2Fv2%2Fproduct_tag&post=108"}],"curies":[{"name":"wp","href":"https:\/\/api.w.org\/{rel}","templated":true}]}}