{"id":1102,"date":"2022-03-06T12:11:21","date_gmt":"2022-03-06T10:11:21","guid":{"rendered":"http:\/\/diegoalessiacompatible.ch\/?post_type=product&#038;p=1102"},"modified":"2022-03-06T12:11:21","modified_gmt":"2022-03-06T10:11:21","slug":"oeufs-en-chocolat-extra-noir-avec-edulcorant-frey","status":"publish","type":"product","link":"https:\/\/diegoalessiacompatible.ch\/?product=oeufs-en-chocolat-extra-noir-avec-edulcorant-frey","title":{"rendered":"Oeufs en chocolat extra noir avec \u00e9dulcorant frey"},"content":{"rendered":"<p>Attention \u00e0 bien prendre les oeufs avec l&rsquo;\u00e9dulcorant<\/p>\n","protected":false},"excerpt":{"rendered":"<p>Attention \u00e0 bien prendre les oeufs avec l&rsquo;\u00e9dulcorant<\/p>\n","protected":false},"featured_media":1103,"template":"","meta":[],"product_brand":[],"product_cat":[6],"product_tag":[59],"class_list":{"0":"post-1102","1":"product","2":"type-product","3":"status-publish","4":"has-post-thumbnail","6":"product_cat-migros","7":"product_tag-paques","9":"first","10":"instock","11":"shipping-taxable","12":"product-type-simple"},"_links":{"self":[{"href":"https:\/\/diegoalessiacompatible.ch\/index.php?rest_route=\/wp\/v2\/product\/1102","targetHints":{"allow":["GET"]}}],"collection":[{"href":"https:\/\/diegoalessiacompatible.ch\/index.php?rest_route=\/wp\/v2\/product"}],"about":[{"href":"https:\/\/diegoalessiacompatible.ch\/index.php?rest_route=\/wp\/v2\/types\/product"}],"wp:featuredmedia":[{"embeddable":true,"href":"https:\/\/diegoalessiacompatible.ch\/index.php?rest_route=\/wp\/v2\/media\/1103"}],"wp:attachment":[{"href":"https:\/\/diegoalessiacompatible.ch\/index.php?rest_route=%2Fwp%2Fv2%2Fmedia&parent=1102"}],"wp:term":[{"taxonomy":"product_brand","embeddable":true,"href":"https:\/\/diegoalessiacompatible.ch\/index.php?rest_route=%2Fwp%2Fv2%2Fproduct_brand&post=1102"},{"taxonomy":"product_cat","embeddable":true,"href":"https:\/\/diegoalessiacompatible.ch\/index.php?rest_route=%2Fwp%2Fv2%2Fproduct_cat&post=1102"},{"taxonomy":"product_tag","embeddable":true,"href":"https:\/\/diegoalessiacompatible.ch\/index.php?rest_route=%2Fwp%2Fv2%2Fproduct_tag&post=1102"}],"curies":[{"name":"wp","href":"https:\/\/api.w.org\/{rel}","templated":true}]}}