{"id":1123,"date":"2022-03-06T12:30:02","date_gmt":"2022-03-06T10:30:02","guid":{"rendered":"http:\/\/diegoalessiacompatible.ch\/?post_type=product&#038;p=1123"},"modified":"2022-03-06T12:53:15","modified_gmt":"2022-03-06T10:53:15","slug":"pate-feuilletee-aha-sans-gluten","status":"publish","type":"product","link":"https:\/\/diegoalessiacompatible.ch\/?product=pate-feuilletee-aha-sans-gluten","title":{"rendered":"P\u00e2te feuillet\u00e9e AHA! sans gluten"},"content":{"rendered":"<p>La p\u00e2te feuillet\u00e9e sans gluten se trouve au cong\u00e9lateur<\/p>\n","protected":false},"excerpt":{"rendered":"<p>La p\u00e2te feuillet\u00e9e sans gluten se trouve au cong\u00e9lateur<\/p>\n","protected":false},"featured_media":1124,"template":"","meta":[],"product_brand":[],"product_cat":[6],"product_tag":[34,69],"class_list":{"0":"post-1123","1":"product","2":"type-product","3":"status-publish","4":"has-post-thumbnail","6":"product_cat-migros","7":"product_tag-aide-a-la-patisserie","8":"product_tag-sans-gluten","10":"first","11":"instock","12":"shipping-taxable","13":"purchasable","14":"product-type-simple"},"_links":{"self":[{"href":"https:\/\/diegoalessiacompatible.ch\/index.php?rest_route=\/wp\/v2\/product\/1123","targetHints":{"allow":["GET"]}}],"collection":[{"href":"https:\/\/diegoalessiacompatible.ch\/index.php?rest_route=\/wp\/v2\/product"}],"about":[{"href":"https:\/\/diegoalessiacompatible.ch\/index.php?rest_route=\/wp\/v2\/types\/product"}],"wp:featuredmedia":[{"embeddable":true,"href":"https:\/\/diegoalessiacompatible.ch\/index.php?rest_route=\/wp\/v2\/media\/1124"}],"wp:attachment":[{"href":"https:\/\/diegoalessiacompatible.ch\/index.php?rest_route=%2Fwp%2Fv2%2Fmedia&parent=1123"}],"wp:term":[{"taxonomy":"product_brand","embeddable":true,"href":"https:\/\/diegoalessiacompatible.ch\/index.php?rest_route=%2Fwp%2Fv2%2Fproduct_brand&post=1123"},{"taxonomy":"product_cat","embeddable":true,"href":"https:\/\/diegoalessiacompatible.ch\/index.php?rest_route=%2Fwp%2Fv2%2Fproduct_cat&post=1123"},{"taxonomy":"product_tag","embeddable":true,"href":"https:\/\/diegoalessiacompatible.ch\/index.php?rest_route=%2Fwp%2Fv2%2Fproduct_tag&post=1123"}],"curies":[{"name":"wp","href":"https:\/\/api.w.org\/{rel}","templated":true}]}}