{"id":1129,"date":"2022-03-06T12:37:52","date_gmt":"2022-03-06T10:37:52","guid":{"rendered":"http:\/\/diegoalessiacompatible.ch\/?post_type=product&#038;p=1129"},"modified":"2022-03-06T12:37:52","modified_gmt":"2022-03-06T10:37:52","slug":"ben-jerrys-creme-glacee-vegetalienne-cookies-on-cookie-dough","status":"publish","type":"product","link":"https:\/\/diegoalessiacompatible.ch\/?product=ben-jerrys-creme-glacee-vegetalienne-cookies-on-cookie-dough","title":{"rendered":"Ben &amp; Jerry&rsquo;s Cr\u00e8me glac\u00e9e v\u00e9g\u00e9talienne Cookies on Cookie Dough"},"content":{"rendered":"","protected":false},"excerpt":{"rendered":"","protected":false},"featured_media":1130,"template":"","meta":[],"product_brand":[],"product_cat":[6],"product_tag":[65],"class_list":{"0":"post-1129","1":"product","2":"type-product","3":"status-publish","4":"has-post-thumbnail","6":"product_cat-migros","7":"product_tag-glaces","9":"first","10":"instock","11":"shipping-taxable","12":"purchasable","13":"product-type-simple"},"_links":{"self":[{"href":"https:\/\/diegoalessiacompatible.ch\/index.php?rest_route=\/wp\/v2\/product\/1129","targetHints":{"allow":["GET"]}}],"collection":[{"href":"https:\/\/diegoalessiacompatible.ch\/index.php?rest_route=\/wp\/v2\/product"}],"about":[{"href":"https:\/\/diegoalessiacompatible.ch\/index.php?rest_route=\/wp\/v2\/types\/product"}],"wp:featuredmedia":[{"embeddable":true,"href":"https:\/\/diegoalessiacompatible.ch\/index.php?rest_route=\/wp\/v2\/media\/1130"}],"wp:attachment":[{"href":"https:\/\/diegoalessiacompatible.ch\/index.php?rest_route=%2Fwp%2Fv2%2Fmedia&parent=1129"}],"wp:term":[{"taxonomy":"product_brand","embeddable":true,"href":"https:\/\/diegoalessiacompatible.ch\/index.php?rest_route=%2Fwp%2Fv2%2Fproduct_brand&post=1129"},{"taxonomy":"product_cat","embeddable":true,"href":"https:\/\/diegoalessiacompatible.ch\/index.php?rest_route=%2Fwp%2Fv2%2Fproduct_cat&post=1129"},{"taxonomy":"product_tag","embeddable":true,"href":"https:\/\/diegoalessiacompatible.ch\/index.php?rest_route=%2Fwp%2Fv2%2Fproduct_tag&post=1129"}],"curies":[{"name":"wp","href":"https:\/\/api.w.org\/{rel}","templated":true}]}}