{"id":130,"date":"2017-05-18T18:48:59","date_gmt":"2017-05-18T16:48:59","guid":{"rendered":"http:\/\/diegoalessiacompatible.ch\/?post_type=product&#038;p=130"},"modified":"2017-05-18T19:47:03","modified_gmt":"2017-05-18T17:47:03","slug":"pate-a-gateau-brisee-mbudget","status":"publish","type":"product","link":"https:\/\/diegoalessiacompatible.ch\/?product=pate-a-gateau-brisee-mbudget","title":{"rendered":"P\u00e2te \u00e0 g\u00e2teau bris\u00e9e \u2013 Mbudget"},"content":{"rendered":"","protected":false},"excerpt":{"rendered":"","protected":false},"featured_media":131,"template":"","meta":[],"product_brand":[],"product_cat":[6],"product_tag":[22],"class_list":{"0":"post-130","1":"product","2":"type-product","3":"status-publish","4":"has-post-thumbnail","6":"product_cat-migros","7":"product_tag-pates","9":"first","10":"instock","11":"shipping-taxable","12":"purchasable","13":"product-type-simple"},"_links":{"self":[{"href":"https:\/\/diegoalessiacompatible.ch\/index.php?rest_route=\/wp\/v2\/product\/130","targetHints":{"allow":["GET"]}}],"collection":[{"href":"https:\/\/diegoalessiacompatible.ch\/index.php?rest_route=\/wp\/v2\/product"}],"about":[{"href":"https:\/\/diegoalessiacompatible.ch\/index.php?rest_route=\/wp\/v2\/types\/product"}],"wp:featuredmedia":[{"embeddable":true,"href":"https:\/\/diegoalessiacompatible.ch\/index.php?rest_route=\/wp\/v2\/media\/131"}],"wp:attachment":[{"href":"https:\/\/diegoalessiacompatible.ch\/index.php?rest_route=%2Fwp%2Fv2%2Fmedia&parent=130"}],"wp:term":[{"taxonomy":"product_brand","embeddable":true,"href":"https:\/\/diegoalessiacompatible.ch\/index.php?rest_route=%2Fwp%2Fv2%2Fproduct_brand&post=130"},{"taxonomy":"product_cat","embeddable":true,"href":"https:\/\/diegoalessiacompatible.ch\/index.php?rest_route=%2Fwp%2Fv2%2Fproduct_cat&post=130"},{"taxonomy":"product_tag","embeddable":true,"href":"https:\/\/diegoalessiacompatible.ch\/index.php?rest_route=%2Fwp%2Fv2%2Fproduct_tag&post=130"}],"curies":[{"name":"wp","href":"https:\/\/api.w.org\/{rel}","templated":true}]}}