{"id":1300,"date":"2022-11-19T19:44:44","date_gmt":"2022-11-19T17:44:44","guid":{"rendered":"https:\/\/diegoalessiacompatible.ch\/?post_type=product&#038;p=1300"},"modified":"2022-11-19T19:44:44","modified_gmt":"2022-11-19T17:44:44","slug":"chocolat-noir-special-72-frey","status":"publish","type":"product","link":"https:\/\/diegoalessiacompatible.ch\/?product=chocolat-noir-special-72-frey","title":{"rendered":"Chocolat noir sp\u00e9cial 72% Frey"},"content":{"rendered":"<p>Chocolat extra noir<\/p>\n<p>ATTENTION \u00e0 bien prendre les chocolats emball\u00e9s dans le papier d&rsquo;aluminium bleu fonc\u00e9.<\/p>\n","protected":false},"excerpt":{"rendered":"<p>Chocolat extra noir ATTENTION \u00e0 bien prendre les chocolats emball\u00e9s dans le papier d&rsquo;aluminium bleu fonc\u00e9.<\/p>\n","protected":false},"featured_media":1302,"template":"","meta":[],"product_brand":[],"product_cat":[6],"product_tag":[73],"class_list":{"0":"post-1300","1":"product","2":"type-product","3":"status-publish","4":"has-post-thumbnail","6":"product_cat-migros","7":"product_tag-noel","9":"first","10":"instock","11":"shipping-taxable","12":"purchasable","13":"product-type-simple"},"_links":{"self":[{"href":"https:\/\/diegoalessiacompatible.ch\/index.php?rest_route=\/wp\/v2\/product\/1300","targetHints":{"allow":["GET"]}}],"collection":[{"href":"https:\/\/diegoalessiacompatible.ch\/index.php?rest_route=\/wp\/v2\/product"}],"about":[{"href":"https:\/\/diegoalessiacompatible.ch\/index.php?rest_route=\/wp\/v2\/types\/product"}],"wp:featuredmedia":[{"embeddable":true,"href":"https:\/\/diegoalessiacompatible.ch\/index.php?rest_route=\/wp\/v2\/media\/1302"}],"wp:attachment":[{"href":"https:\/\/diegoalessiacompatible.ch\/index.php?rest_route=%2Fwp%2Fv2%2Fmedia&parent=1300"}],"wp:term":[{"taxonomy":"product_brand","embeddable":true,"href":"https:\/\/diegoalessiacompatible.ch\/index.php?rest_route=%2Fwp%2Fv2%2Fproduct_brand&post=1300"},{"taxonomy":"product_cat","embeddable":true,"href":"https:\/\/diegoalessiacompatible.ch\/index.php?rest_route=%2Fwp%2Fv2%2Fproduct_cat&post=1300"},{"taxonomy":"product_tag","embeddable":true,"href":"https:\/\/diegoalessiacompatible.ch\/index.php?rest_route=%2Fwp%2Fv2%2Fproduct_tag&post=1300"}],"curies":[{"name":"wp","href":"https:\/\/api.w.org\/{rel}","templated":true}]}}