{"id":1314,"date":"2022-11-24T10:07:00","date_gmt":"2022-11-24T08:07:00","guid":{"rendered":"https:\/\/diegoalessiacompatible.ch\/?post_type=product&#038;p=1314"},"modified":"2022-11-24T10:07:12","modified_gmt":"2022-11-24T08:07:12","slug":"pate-pour-etoiles-a-la-canelle-annas-best","status":"publish","type":"product","link":"https:\/\/diegoalessiacompatible.ch\/?product=pate-pour-etoiles-a-la-canelle-annas-best","title":{"rendered":"P\u00e2te pour \u00e9toiles \u00e0 la canelle Anna&rsquo;s best"},"content":{"rendered":"","protected":false},"excerpt":{"rendered":"","protected":false},"featured_media":1315,"template":"","meta":[],"product_brand":[],"product_cat":[6],"product_tag":[73],"class_list":{"0":"post-1314","1":"product","2":"type-product","3":"status-publish","4":"has-post-thumbnail","6":"product_cat-migros","7":"product_tag-noel","9":"first","10":"instock","11":"shipping-taxable","12":"purchasable","13":"product-type-simple"},"_links":{"self":[{"href":"https:\/\/diegoalessiacompatible.ch\/index.php?rest_route=\/wp\/v2\/product\/1314","targetHints":{"allow":["GET"]}}],"collection":[{"href":"https:\/\/diegoalessiacompatible.ch\/index.php?rest_route=\/wp\/v2\/product"}],"about":[{"href":"https:\/\/diegoalessiacompatible.ch\/index.php?rest_route=\/wp\/v2\/types\/product"}],"wp:featuredmedia":[{"embeddable":true,"href":"https:\/\/diegoalessiacompatible.ch\/index.php?rest_route=\/wp\/v2\/media\/1315"}],"wp:attachment":[{"href":"https:\/\/diegoalessiacompatible.ch\/index.php?rest_route=%2Fwp%2Fv2%2Fmedia&parent=1314"}],"wp:term":[{"taxonomy":"product_brand","embeddable":true,"href":"https:\/\/diegoalessiacompatible.ch\/index.php?rest_route=%2Fwp%2Fv2%2Fproduct_brand&post=1314"},{"taxonomy":"product_cat","embeddable":true,"href":"https:\/\/diegoalessiacompatible.ch\/index.php?rest_route=%2Fwp%2Fv2%2Fproduct_cat&post=1314"},{"taxonomy":"product_tag","embeddable":true,"href":"https:\/\/diegoalessiacompatible.ch\/index.php?rest_route=%2Fwp%2Fv2%2Fproduct_tag&post=1314"}],"curies":[{"name":"wp","href":"https:\/\/api.w.org\/{rel}","templated":true}]}}