{"id":1336,"date":"2023-03-14T12:55:09","date_gmt":"2023-03-14T10:55:09","guid":{"rendered":"https:\/\/diegoalessiacompatible.ch\/?post_type=product&#038;p=1336"},"modified":"2024-02-11T09:45:39","modified_gmt":"2024-02-11T07:45:39","slug":"biscuits-fourres-a-la-creme-de-cacao-coop-naturaplan-bio","status":"publish","type":"product","link":"https:\/\/diegoalessiacompatible.ch\/?product=biscuits-fourres-a-la-creme-de-cacao-coop-naturaplan-bio","title":{"rendered":"Biscuits fourr\u00e9s \u00e0 la cr\u00e8me de cacao Coop naturaplan bio"},"content":{"rendered":"","protected":false},"excerpt":{"rendered":"","protected":false},"featured_media":1337,"template":"","meta":[],"product_brand":[],"product_cat":[7],"product_tag":[33],"class_list":{"0":"post-1336","1":"product","2":"type-product","3":"status-publish","4":"has-post-thumbnail","6":"product_cat-coop","7":"product_tag-patisseries-biscuits","9":"first","10":"instock","11":"shipping-taxable","12":"purchasable","13":"product-type-simple"},"_links":{"self":[{"href":"https:\/\/diegoalessiacompatible.ch\/index.php?rest_route=\/wp\/v2\/product\/1336","targetHints":{"allow":["GET"]}}],"collection":[{"href":"https:\/\/diegoalessiacompatible.ch\/index.php?rest_route=\/wp\/v2\/product"}],"about":[{"href":"https:\/\/diegoalessiacompatible.ch\/index.php?rest_route=\/wp\/v2\/types\/product"}],"wp:featuredmedia":[{"embeddable":true,"href":"https:\/\/diegoalessiacompatible.ch\/index.php?rest_route=\/wp\/v2\/media\/1337"}],"wp:attachment":[{"href":"https:\/\/diegoalessiacompatible.ch\/index.php?rest_route=%2Fwp%2Fv2%2Fmedia&parent=1336"}],"wp:term":[{"taxonomy":"product_brand","embeddable":true,"href":"https:\/\/diegoalessiacompatible.ch\/index.php?rest_route=%2Fwp%2Fv2%2Fproduct_brand&post=1336"},{"taxonomy":"product_cat","embeddable":true,"href":"https:\/\/diegoalessiacompatible.ch\/index.php?rest_route=%2Fwp%2Fv2%2Fproduct_cat&post=1336"},{"taxonomy":"product_tag","embeddable":true,"href":"https:\/\/diegoalessiacompatible.ch\/index.php?rest_route=%2Fwp%2Fv2%2Fproduct_tag&post=1336"}],"curies":[{"name":"wp","href":"https:\/\/api.w.org\/{rel}","templated":true}]}}