{"id":322,"date":"2017-05-27T10:03:17","date_gmt":"2017-05-27T08:03:17","guid":{"rendered":"http:\/\/diegoalessiacompatible.ch\/?post_type=product&#038;p=322"},"modified":"2017-05-27T10:03:17","modified_gmt":"2017-05-27T08:03:17","slug":"barilla-pates-spaghettinis","status":"publish","type":"product","link":"https:\/\/diegoalessiacompatible.ch\/?product=barilla-pates-spaghettinis","title":{"rendered":"Barilla P\u00e2tes spaghettinis"},"content":{"rendered":"<p>Barilla, toutes les p\u00e2tes s\u00e8ches \u00e0 la semoule nature<\/p>\n","protected":false},"excerpt":{"rendered":"<p>Barilla, toutes les p\u00e2tes s\u00e8ches \u00e0 la semoule nature<\/p>\n","protected":false},"featured_media":323,"template":"","meta":[],"product_brand":[],"product_cat":[7,8],"product_tag":[28],"class_list":{"0":"post-322","1":"product","2":"type-product","3":"status-publish","4":"has-post-thumbnail","6":"product_cat-coop","7":"product_cat-denner","8":"product_tag-feculents","10":"first","11":"instock","12":"shipping-taxable","13":"purchasable","14":"product-type-simple"},"_links":{"self":[{"href":"https:\/\/diegoalessiacompatible.ch\/index.php?rest_route=\/wp\/v2\/product\/322","targetHints":{"allow":["GET"]}}],"collection":[{"href":"https:\/\/diegoalessiacompatible.ch\/index.php?rest_route=\/wp\/v2\/product"}],"about":[{"href":"https:\/\/diegoalessiacompatible.ch\/index.php?rest_route=\/wp\/v2\/types\/product"}],"wp:featuredmedia":[{"embeddable":true,"href":"https:\/\/diegoalessiacompatible.ch\/index.php?rest_route=\/wp\/v2\/media\/323"}],"wp:attachment":[{"href":"https:\/\/diegoalessiacompatible.ch\/index.php?rest_route=%2Fwp%2Fv2%2Fmedia&parent=322"}],"wp:term":[{"taxonomy":"product_brand","embeddable":true,"href":"https:\/\/diegoalessiacompatible.ch\/index.php?rest_route=%2Fwp%2Fv2%2Fproduct_brand&post=322"},{"taxonomy":"product_cat","embeddable":true,"href":"https:\/\/diegoalessiacompatible.ch\/index.php?rest_route=%2Fwp%2Fv2%2Fproduct_cat&post=322"},{"taxonomy":"product_tag","embeddable":true,"href":"https:\/\/diegoalessiacompatible.ch\/index.php?rest_route=%2Fwp%2Fv2%2Fproduct_tag&post=322"}],"curies":[{"name":"wp","href":"https:\/\/api.w.org\/{rel}","templated":true}]}}