{"id":435,"date":"2017-05-27T15:25:21","date_gmt":"2017-05-27T13:25:21","guid":{"rendered":"http:\/\/diegoalessiacompatible.ch\/?post_type=product&#038;p=435"},"modified":"2017-05-27T15:25:21","modified_gmt":"2017-05-27T13:25:21","slug":"burger-mediteraneen-alnatura","status":"publish","type":"product","link":"https:\/\/diegoalessiacompatible.ch\/?product=burger-mediteraneen-alnatura","title":{"rendered":"Burger m\u00e9dit\u00e9ran\u00e9en \u2013 alnatura"},"content":{"rendered":"","protected":false},"excerpt":{"rendered":"","protected":false},"featured_media":436,"template":"","meta":[],"product_brand":[],"product_cat":[6],"product_tag":[30],"class_list":{"0":"post-435","1":"product","2":"type-product","3":"status-publish","4":"has-post-thumbnail","6":"product_cat-migros","7":"product_tag-vegetarien","9":"first","10":"instock","11":"shipping-taxable","12":"purchasable","13":"product-type-simple"},"_links":{"self":[{"href":"https:\/\/diegoalessiacompatible.ch\/index.php?rest_route=\/wp\/v2\/product\/435","targetHints":{"allow":["GET"]}}],"collection":[{"href":"https:\/\/diegoalessiacompatible.ch\/index.php?rest_route=\/wp\/v2\/product"}],"about":[{"href":"https:\/\/diegoalessiacompatible.ch\/index.php?rest_route=\/wp\/v2\/types\/product"}],"wp:featuredmedia":[{"embeddable":true,"href":"https:\/\/diegoalessiacompatible.ch\/index.php?rest_route=\/wp\/v2\/media\/436"}],"wp:attachment":[{"href":"https:\/\/diegoalessiacompatible.ch\/index.php?rest_route=%2Fwp%2Fv2%2Fmedia&parent=435"}],"wp:term":[{"taxonomy":"product_brand","embeddable":true,"href":"https:\/\/diegoalessiacompatible.ch\/index.php?rest_route=%2Fwp%2Fv2%2Fproduct_brand&post=435"},{"taxonomy":"product_cat","embeddable":true,"href":"https:\/\/diegoalessiacompatible.ch\/index.php?rest_route=%2Fwp%2Fv2%2Fproduct_cat&post=435"},{"taxonomy":"product_tag","embeddable":true,"href":"https:\/\/diegoalessiacompatible.ch\/index.php?rest_route=%2Fwp%2Fv2%2Fproduct_tag&post=435"}],"curies":[{"name":"wp","href":"https:\/\/api.w.org\/{rel}","templated":true}]}}