{"id":466,"date":"2017-05-28T08:09:38","date_gmt":"2017-05-28T06:09:38","guid":{"rendered":"http:\/\/diegoalessiacompatible.ch\/?post_type=product&#038;p=466"},"modified":"2022-11-08T11:08:41","modified_gmt":"2022-11-08T09:08:41","slug":"petits-pains-aux-7-cereales-precuits-qualite-et-prix","status":"publish","type":"product","link":"https:\/\/diegoalessiacompatible.ch\/?product=petits-pains-aux-7-cereales-precuits-qualite-et-prix","title":{"rendered":"Petits pains aux 7 c\u00e9r\u00e9ales pr\u00e9cuits \u2013 Qualit\u00e9 et prix"},"content":{"rendered":"","protected":false},"excerpt":{"rendered":"","protected":false},"featured_media":467,"template":"","meta":[],"product_brand":[],"product_cat":[7],"product_tag":[74],"class_list":{"0":"post-466","1":"product","2":"type-product","3":"status-publish","4":"has-post-thumbnail","6":"product_cat-coop","7":"product_tag-pains","9":"first","10":"instock","11":"shipping-taxable","12":"purchasable","13":"product-type-simple"},"_links":{"self":[{"href":"https:\/\/diegoalessiacompatible.ch\/index.php?rest_route=\/wp\/v2\/product\/466","targetHints":{"allow":["GET"]}}],"collection":[{"href":"https:\/\/diegoalessiacompatible.ch\/index.php?rest_route=\/wp\/v2\/product"}],"about":[{"href":"https:\/\/diegoalessiacompatible.ch\/index.php?rest_route=\/wp\/v2\/types\/product"}],"wp:featuredmedia":[{"embeddable":true,"href":"https:\/\/diegoalessiacompatible.ch\/index.php?rest_route=\/wp\/v2\/media\/467"}],"wp:attachment":[{"href":"https:\/\/diegoalessiacompatible.ch\/index.php?rest_route=%2Fwp%2Fv2%2Fmedia&parent=466"}],"wp:term":[{"taxonomy":"product_brand","embeddable":true,"href":"https:\/\/diegoalessiacompatible.ch\/index.php?rest_route=%2Fwp%2Fv2%2Fproduct_brand&post=466"},{"taxonomy":"product_cat","embeddable":true,"href":"https:\/\/diegoalessiacompatible.ch\/index.php?rest_route=%2Fwp%2Fv2%2Fproduct_cat&post=466"},{"taxonomy":"product_tag","embeddable":true,"href":"https:\/\/diegoalessiacompatible.ch\/index.php?rest_route=%2Fwp%2Fv2%2Fproduct_tag&post=466"}],"curies":[{"name":"wp","href":"https:\/\/api.w.org\/{rel}","templated":true}]}}