{"id":592,"date":"2017-05-28T13:24:40","date_gmt":"2017-05-28T11:24:40","guid":{"rendered":"http:\/\/diegoalessiacompatible.ch\/?post_type=product&#038;p=592"},"modified":"2017-05-28T13:24:40","modified_gmt":"2017-05-28T11:24:40","slug":"levure-instantanee-seche-patissier-m","status":"publish","type":"product","link":"https:\/\/diegoalessiacompatible.ch\/?product=levure-instantanee-seche-patissier-m","title":{"rendered":"Levure instantan\u00e9e s\u00e8che P\u00e2tissier &#8211; M"},"content":{"rendered":"","protected":false},"excerpt":{"rendered":"","protected":false},"featured_media":593,"template":"","meta":[],"product_brand":[],"product_cat":[6],"product_tag":[34],"class_list":{"0":"post-592","1":"product","2":"type-product","3":"status-publish","4":"has-post-thumbnail","6":"product_cat-migros","7":"product_tag-aide-a-la-patisserie","9":"first","10":"instock","11":"shipping-taxable","12":"purchasable","13":"product-type-simple"},"_links":{"self":[{"href":"https:\/\/diegoalessiacompatible.ch\/index.php?rest_route=\/wp\/v2\/product\/592","targetHints":{"allow":["GET"]}}],"collection":[{"href":"https:\/\/diegoalessiacompatible.ch\/index.php?rest_route=\/wp\/v2\/product"}],"about":[{"href":"https:\/\/diegoalessiacompatible.ch\/index.php?rest_route=\/wp\/v2\/types\/product"}],"wp:featuredmedia":[{"embeddable":true,"href":"https:\/\/diegoalessiacompatible.ch\/index.php?rest_route=\/wp\/v2\/media\/593"}],"wp:attachment":[{"href":"https:\/\/diegoalessiacompatible.ch\/index.php?rest_route=%2Fwp%2Fv2%2Fmedia&parent=592"}],"wp:term":[{"taxonomy":"product_brand","embeddable":true,"href":"https:\/\/diegoalessiacompatible.ch\/index.php?rest_route=%2Fwp%2Fv2%2Fproduct_brand&post=592"},{"taxonomy":"product_cat","embeddable":true,"href":"https:\/\/diegoalessiacompatible.ch\/index.php?rest_route=%2Fwp%2Fv2%2Fproduct_cat&post=592"},{"taxonomy":"product_tag","embeddable":true,"href":"https:\/\/diegoalessiacompatible.ch\/index.php?rest_route=%2Fwp%2Fv2%2Fproduct_tag&post=592"}],"curies":[{"name":"wp","href":"https:\/\/api.w.org\/{rel}","templated":true}]}}