{"id":628,"date":"2017-05-28T13:47:47","date_gmt":"2017-05-28T11:47:47","guid":{"rendered":"http:\/\/diegoalessiacompatible.ch\/?post_type=product&#038;p=628"},"modified":"2022-11-06T23:20:02","modified_gmt":"2022-11-06T21:20:02","slug":"crement-noir-a-46-cailler","status":"publish","type":"product","link":"https:\/\/diegoalessiacompatible.ch\/?product=crement-noir-a-46-cailler","title":{"rendered":"Cr\u00e9ment noir \u00e0 46% &#8211; Cailler 400g."},"content":{"rendered":"<p>Attention \u00e0 ne pas prendre celui \u00e0 64% qui contient du beurre.<\/p>\n<p>Il faut acheter la plaque de 400g et non pas de 100g qui n&rsquo;a pas exactement la m\u00eame composition.<\/p>\n<p>&nbsp;<\/p>\n","protected":false},"excerpt":{"rendered":"<p>Attention \u00e0 ne pas prendre celui \u00e0 64% qui contient du beurre. Il faut acheter la plaque de 400g et non pas de 100g qui n&rsquo;a pas exactement la m\u00eame composition. &nbsp;<\/p>\n","protected":false},"featured_media":756,"template":"","meta":[],"product_brand":[],"product_cat":[7,8,6],"product_tag":[77],"class_list":{"0":"post-628","1":"product","2":"type-product","3":"status-publish","4":"has-post-thumbnail","6":"product_cat-coop","7":"product_cat-denner","8":"product_cat-migros","9":"product_tag-chocolat","11":"first","12":"instock","13":"shipping-taxable","14":"purchasable","15":"product-type-simple"},"_links":{"self":[{"href":"https:\/\/diegoalessiacompatible.ch\/index.php?rest_route=\/wp\/v2\/product\/628","targetHints":{"allow":["GET"]}}],"collection":[{"href":"https:\/\/diegoalessiacompatible.ch\/index.php?rest_route=\/wp\/v2\/product"}],"about":[{"href":"https:\/\/diegoalessiacompatible.ch\/index.php?rest_route=\/wp\/v2\/types\/product"}],"wp:featuredmedia":[{"embeddable":true,"href":"https:\/\/diegoalessiacompatible.ch\/index.php?rest_route=\/wp\/v2\/media\/756"}],"wp:attachment":[{"href":"https:\/\/diegoalessiacompatible.ch\/index.php?rest_route=%2Fwp%2Fv2%2Fmedia&parent=628"}],"wp:term":[{"taxonomy":"product_brand","embeddable":true,"href":"https:\/\/diegoalessiacompatible.ch\/index.php?rest_route=%2Fwp%2Fv2%2Fproduct_brand&post=628"},{"taxonomy":"product_cat","embeddable":true,"href":"https:\/\/diegoalessiacompatible.ch\/index.php?rest_route=%2Fwp%2Fv2%2Fproduct_cat&post=628"},{"taxonomy":"product_tag","embeddable":true,"href":"https:\/\/diegoalessiacompatible.ch\/index.php?rest_route=%2Fwp%2Fv2%2Fproduct_tag&post=628"}],"curies":[{"name":"wp","href":"https:\/\/api.w.org\/{rel}","templated":true}]}}