{"id":650,"date":"2017-05-28T14:06:36","date_gmt":"2017-05-28T12:06:36","guid":{"rendered":"http:\/\/diegoalessiacompatible.ch\/?post_type=product&#038;p=650"},"modified":"2017-05-28T14:06:36","modified_gmt":"2017-05-28T12:06:36","slug":"bonbons-fourres-aux-aromes-de-fruits-prima-frutta-m","status":"publish","type":"product","link":"https:\/\/diegoalessiacompatible.ch\/?product=bonbons-fourres-aux-aromes-de-fruits-prima-frutta-m","title":{"rendered":"Bonbons fourr\u00e9s aux ar\u00f4mes de fruits Prima Frutta &#8211; M"},"content":{"rendered":"<p>Attention \u00e0 ne pas donner les bonbons \u00e0 l\u2019orange \u00e0 Alessia<\/p>\n","protected":false},"excerpt":{"rendered":"<p>Attention \u00e0 ne pas donner les bonbons \u00e0 l\u2019orange \u00e0 Alessia<\/p>\n","protected":false},"featured_media":651,"template":"","meta":[],"product_brand":[],"product_cat":[6],"product_tag":[35],"class_list":{"0":"post-650","1":"product","2":"type-product","3":"status-publish","4":"has-post-thumbnail","6":"product_cat-migros","7":"product_tag-bonbons","9":"first","10":"instock","11":"shipping-taxable","12":"purchasable","13":"product-type-simple"},"_links":{"self":[{"href":"https:\/\/diegoalessiacompatible.ch\/index.php?rest_route=\/wp\/v2\/product\/650","targetHints":{"allow":["GET"]}}],"collection":[{"href":"https:\/\/diegoalessiacompatible.ch\/index.php?rest_route=\/wp\/v2\/product"}],"about":[{"href":"https:\/\/diegoalessiacompatible.ch\/index.php?rest_route=\/wp\/v2\/types\/product"}],"wp:featuredmedia":[{"embeddable":true,"href":"https:\/\/diegoalessiacompatible.ch\/index.php?rest_route=\/wp\/v2\/media\/651"}],"wp:attachment":[{"href":"https:\/\/diegoalessiacompatible.ch\/index.php?rest_route=%2Fwp%2Fv2%2Fmedia&parent=650"}],"wp:term":[{"taxonomy":"product_brand","embeddable":true,"href":"https:\/\/diegoalessiacompatible.ch\/index.php?rest_route=%2Fwp%2Fv2%2Fproduct_brand&post=650"},{"taxonomy":"product_cat","embeddable":true,"href":"https:\/\/diegoalessiacompatible.ch\/index.php?rest_route=%2Fwp%2Fv2%2Fproduct_cat&post=650"},{"taxonomy":"product_tag","embeddable":true,"href":"https:\/\/diegoalessiacompatible.ch\/index.php?rest_route=%2Fwp%2Fv2%2Fproduct_tag&post=650"}],"curies":[{"name":"wp","href":"https:\/\/api.w.org\/{rel}","templated":true}]}}