{"id":735,"date":"2017-11-25T19:13:12","date_gmt":"2017-11-25T17:13:12","guid":{"rendered":"http:\/\/diegoalessiacompatible.ch\/?post_type=product&#038;p=735"},"modified":"2017-12-18T18:23:16","modified_gmt":"2017-12-18T16:23:16","slug":"naturaplan-bio-fairtrade-biscuits-fourres-a-la-creme-de-cacao","status":"publish","type":"product","link":"https:\/\/diegoalessiacompatible.ch\/?product=naturaplan-bio-fairtrade-biscuits-fourres-a-la-creme-de-cacao","title":{"rendered":"Naturaplan Bio Fairtrade Biscuits fourr\u00e9s \u00e0 la cr\u00e8me de cacao"},"content":{"rendered":"","protected":false},"excerpt":{"rendered":"","protected":false},"featured_media":736,"template":"","meta":[],"product_brand":[],"product_cat":[7],"product_tag":[33],"class_list":{"0":"post-735","1":"product","2":"type-product","3":"status-publish","4":"has-post-thumbnail","6":"product_cat-coop","7":"product_tag-patisseries-biscuits","9":"first","10":"instock","11":"shipping-taxable","12":"purchasable","13":"product-type-simple"},"_links":{"self":[{"href":"https:\/\/diegoalessiacompatible.ch\/index.php?rest_route=\/wp\/v2\/product\/735","targetHints":{"allow":["GET"]}}],"collection":[{"href":"https:\/\/diegoalessiacompatible.ch\/index.php?rest_route=\/wp\/v2\/product"}],"about":[{"href":"https:\/\/diegoalessiacompatible.ch\/index.php?rest_route=\/wp\/v2\/types\/product"}],"wp:featuredmedia":[{"embeddable":true,"href":"https:\/\/diegoalessiacompatible.ch\/index.php?rest_route=\/wp\/v2\/media\/736"}],"wp:attachment":[{"href":"https:\/\/diegoalessiacompatible.ch\/index.php?rest_route=%2Fwp%2Fv2%2Fmedia&parent=735"}],"wp:term":[{"taxonomy":"product_brand","embeddable":true,"href":"https:\/\/diegoalessiacompatible.ch\/index.php?rest_route=%2Fwp%2Fv2%2Fproduct_brand&post=735"},{"taxonomy":"product_cat","embeddable":true,"href":"https:\/\/diegoalessiacompatible.ch\/index.php?rest_route=%2Fwp%2Fv2%2Fproduct_cat&post=735"},{"taxonomy":"product_tag","embeddable":true,"href":"https:\/\/diegoalessiacompatible.ch\/index.php?rest_route=%2Fwp%2Fv2%2Fproduct_tag&post=735"}],"curies":[{"name":"wp","href":"https:\/\/api.w.org\/{rel}","templated":true}]}}