{"id":781,"date":"2018-03-17T11:11:00","date_gmt":"2018-03-17T09:11:00","guid":{"rendered":"http:\/\/diegoalessiacompatible.ch\/?post_type=product&#038;p=781"},"modified":"2018-03-17T11:11:00","modified_gmt":"2018-03-17T09:11:00","slug":"parmesan-vegan-violife-prosociano-vegetalien","status":"publish","type":"product","link":"https:\/\/diegoalessiacompatible.ch\/?product=parmesan-vegan-violife-prosociano-vegetalien","title":{"rendered":"Parmesan vegan Violife Prosociano v\u00e9g\u00e9talien"},"content":{"rendered":"","protected":false},"excerpt":{"rendered":"<p>On trouve ce produit \u00e0 la coop L\u00e9man centre<\/p>\n<div class=\"read-more\"><a href=\"https:\/\/diegoalessiacompatible.ch\/?product=parmesan-vegan-violife-prosociano-vegetalien\">Lire la suite <span class=\"screen-reader-text\">Parmesan vegan Violife Prosociano v\u00e9g\u00e9talien<\/span><span class=\"meta-nav\"> &#8250;<\/span><\/a><\/div>\n<p><!-- end of .read-more --><\/p>\n","protected":false},"featured_media":782,"template":"","meta":[],"product_brand":[],"product_cat":[7],"product_tag":[21],"class_list":{"0":"post-781","1":"product","2":"type-product","3":"status-publish","4":"has-post-thumbnail","6":"product_cat-coop","7":"product_tag-produits-laitiers","9":"first","10":"instock","11":"shipping-taxable","12":"purchasable","13":"product-type-simple"},"_links":{"self":[{"href":"https:\/\/diegoalessiacompatible.ch\/index.php?rest_route=\/wp\/v2\/product\/781","targetHints":{"allow":["GET"]}}],"collection":[{"href":"https:\/\/diegoalessiacompatible.ch\/index.php?rest_route=\/wp\/v2\/product"}],"about":[{"href":"https:\/\/diegoalessiacompatible.ch\/index.php?rest_route=\/wp\/v2\/types\/product"}],"wp:featuredmedia":[{"embeddable":true,"href":"https:\/\/diegoalessiacompatible.ch\/index.php?rest_route=\/wp\/v2\/media\/782"}],"wp:attachment":[{"href":"https:\/\/diegoalessiacompatible.ch\/index.php?rest_route=%2Fwp%2Fv2%2Fmedia&parent=781"}],"wp:term":[{"taxonomy":"product_brand","embeddable":true,"href":"https:\/\/diegoalessiacompatible.ch\/index.php?rest_route=%2Fwp%2Fv2%2Fproduct_brand&post=781"},{"taxonomy":"product_cat","embeddable":true,"href":"https:\/\/diegoalessiacompatible.ch\/index.php?rest_route=%2Fwp%2Fv2%2Fproduct_cat&post=781"},{"taxonomy":"product_tag","embeddable":true,"href":"https:\/\/diegoalessiacompatible.ch\/index.php?rest_route=%2Fwp%2Fv2%2Fproduct_tag&post=781"}],"curies":[{"name":"wp","href":"https:\/\/api.w.org\/{rel}","templated":true}]}}