{"id":989,"date":"2021-03-23T10:47:34","date_gmt":"2021-03-23T08:47:34","guid":{"rendered":"http:\/\/diegoalessiacompatible.ch\/?post_type=product&#038;p=989"},"modified":"2021-03-23T10:47:34","modified_gmt":"2021-03-23T08:47:34","slug":"pate-a-gateau-brisee","status":"publish","type":"product","link":"https:\/\/diegoalessiacompatible.ch\/?product=pate-a-gateau-brisee","title":{"rendered":"P\u00e2te \u00e0 g\u00e2teau bris\u00e9e"},"content":{"rendered":"<p>P\u00e2te \u00e0 g\u00e2teau m-classic abaiss\u00e9e XL<\/p>\n","protected":false},"excerpt":{"rendered":"<p>P\u00e2te \u00e0 g\u00e2teau m-classic abaiss\u00e9e XL<\/p>\n","protected":false},"featured_media":990,"template":"","meta":[],"product_brand":[],"product_cat":[6],"product_tag":[22],"class_list":{"0":"post-989","1":"product","2":"type-product","3":"status-publish","4":"has-post-thumbnail","6":"product_cat-migros","7":"product_tag-pates","9":"first","10":"instock","11":"shipping-taxable","12":"purchasable","13":"product-type-simple"},"_links":{"self":[{"href":"https:\/\/diegoalessiacompatible.ch\/index.php?rest_route=\/wp\/v2\/product\/989","targetHints":{"allow":["GET"]}}],"collection":[{"href":"https:\/\/diegoalessiacompatible.ch\/index.php?rest_route=\/wp\/v2\/product"}],"about":[{"href":"https:\/\/diegoalessiacompatible.ch\/index.php?rest_route=\/wp\/v2\/types\/product"}],"wp:featuredmedia":[{"embeddable":true,"href":"https:\/\/diegoalessiacompatible.ch\/index.php?rest_route=\/wp\/v2\/media\/990"}],"wp:attachment":[{"href":"https:\/\/diegoalessiacompatible.ch\/index.php?rest_route=%2Fwp%2Fv2%2Fmedia&parent=989"}],"wp:term":[{"taxonomy":"product_brand","embeddable":true,"href":"https:\/\/diegoalessiacompatible.ch\/index.php?rest_route=%2Fwp%2Fv2%2Fproduct_brand&post=989"},{"taxonomy":"product_cat","embeddable":true,"href":"https:\/\/diegoalessiacompatible.ch\/index.php?rest_route=%2Fwp%2Fv2%2Fproduct_cat&post=989"},{"taxonomy":"product_tag","embeddable":true,"href":"https:\/\/diegoalessiacompatible.ch\/index.php?rest_route=%2Fwp%2Fv2%2Fproduct_tag&post=989"}],"curies":[{"name":"wp","href":"https:\/\/api.w.org\/{rel}","templated":true}]}}